{"id":312,"date":"2022-03-27T16:01:22","date_gmt":"2022-03-27T16:01:22","guid":{"rendered":"https:\/\/www.campus.live\/metodologia\/"},"modified":"2022-03-27T16:01:22","modified_gmt":"2022-03-27T16:01:22","slug":"metodologia","status":"publish","type":"page","link":"https:\/\/www.campus.live\/pt-br\/metodologia\/","title":{"rendered":"Metodologia"},"content":{"rendered":"","protected":false},"excerpt":{"rendered":"","protected":false},"author":1,"featured_media":0,"parent":0,"menu_order":0,"comment_status":"closed","ping_status":"closed","template":"views\/metodologia.blade.php","meta":{"_acf_changed":false,"inline_featured_image":false,"footnotes":""},"class_list":["post-312","page","type-page","status-publish","hentry"],"acf":{"metodologia_opening":{"main_title":"Metodologia","main_subtitle":"O Campus Live prop\u00f5e um novo m\u00e9todo para aprender ingl\u00eas: cada aluno poder\u00e1 definir seu pr\u00f3prio ritmo e objetivos, pois o curso se adapta \u00e0s necessidades e hor\u00e1rios de cada um."},"clases_en_vivo_section":{"clases_en_vivo_title":"Aulas ao vivo","clases_en_vivo_item_1":{"clases_en_vivo_item_1_title":"Nossas aulas ao vivo s\u00e3o o n\u00facleo de nossa metodologia de aprendizado. ","clases_en_vivo_item_1_description":"Neles, voc\u00ea n\u00e3o apenas poder\u00e1 aprender t\u00f3picos reais e pr\u00e1ticos, mas tamb\u00e9m o ajudar\u00e1 a praticar sua pron\u00fancia e interagir com nossos professores nativos certificados.\n\nVoc\u00ea tamb\u00e9m poder\u00e1 interagir com outros alunos de forma din\u00e2mica e descontra\u00edda, podendo fazer as aulas em diferentes hor\u00e1rios do dia e de v\u00e1rios dispositivos, seja de um computador, celular ou tablet."},"clases_en_vivo_item_2":{"clases_en_vivo_item_2_title":"Alguns dos t\u00f3picos que voc\u00ea pode aprender s\u00e3o:","clases_en_vivo_item_2_description":"<ul>\n \t<li><strong>Eventos Passados<\/strong> (aprenda a narrar a\u00e7\u00f5es no passado)<\/li>\n \t<li><strong>Ocupa\u00e7\u00f5es e nacionalidades<\/strong> (saiba mais sobre nacionalidades, ocupa\u00e7\u00f5es e empregos)<\/li>\n \t<li><strong>Tecnologia<\/strong> (usar vocabul\u00e1rio sobre tecnologia em a\u00e7\u00f5es di\u00e1rias)<\/li>\n \t<li><strong>Indo de F\u00e9rias<\/strong> (saiba mais sobre as op\u00e7\u00f5es de hospedagem e descreva suas f\u00e9rias ideais)<\/li>\n \t<li><strong>Comer fora<\/strong> (aprender sobre diferentes tipos de restaurantes e comidas)<\/li>\n \t<li> <strong>Acolhendo Visitantes<\/strong> (aprenda a receber com educa\u00e7\u00e3o e a atender \u00e0s necessidades dos visitantes corporativos)<\/li>\n \t<li><strong>Comunica\u00e7\u00e3o no Trabalho<\/strong> (saiba mais sobre os tipos de comunica\u00e7\u00e3o, a voz passiva e a comunica\u00e7\u00e3o no local de trabalho)<\/li>\n \t<li><strong>Lan\u00e7amento de um novo produto<\/strong> (saiba mais sobre eventos de lan\u00e7amento de produto e as etapas para lan\u00e7ar um novo produto)<\/li>\n \t<li><strong>Trabalho<\/strong> em equipe (aprender a trabalhar em equipe de forma eficaz)<\/li>\n \t<li>E muitos outros temas que v\u00e3o te ajudar em sua vida pessoal e profissional.<\/li>\n<\/ul>"},"clases_en_vivo_image":229},"ejercicios_interactivos_section":{"ejercicios_interactivos_title":"Exerc\u00edcios interativos","ejercicios_interactivos_item_1":{"ejercicios_interactivos_item_1_title":"Nossos Exerc\u00edcios Interativos s\u00e3o especialmente elaborados para complementar as Aulas Ao Vivo e acelerar seu aprendizado.","ejercicios_interactivos_item_1_description":"Temos diferentes tipos de exerc\u00edcios projetados para ensinar o idioma de forma did\u00e1tica e testar seus conhecimentos usando diferentes habilidades. Alguns exemplos desses tipos s\u00e3o: Combine as Frases, Combine as Imagens, Desembaralhe as Palavras, Preencha os espa\u00e7os em branco e muito mais."},"ejercicios_interactivos_item_2":{"ejercicios_interactivos_item_2_title":"","ejercicios_interactivos_item_2_description":"Nossos exerc\u00edcios contam com ajuda de \u00e1udio para voc\u00ea praticar sua pron\u00fancia e assist\u00eancia para ajud\u00e1-lo a complet\u00e1-los caso tenha alguma dificuldade, para que nada impe\u00e7a seu progresso."},"ejercicios_interactivos_item_3":{"ejercicios_interactivos_item_3_title":"","ejercicios_interactivos_item_3_description":"<div class=\"how-it-works__data\">\n<div class=\"how-it-works__data__content\">\n<div class=\"how-it-works__data__content__description\">\n\n\u00a0\n\n<\/div>\n<\/div>\n<\/div>\n<div class=\"how-it-works__data\"><\/div>"},"ejercicios_interactivos_image":232},"herramientas":{"herramientas_title":"Ferramentas (dicion\u00e1rio e tradutor)","herramientas_item_1":{"herramientas_item_1_title":"N\u00f3s fornecemos ferramentas para que voc\u00ea nunca fique em d\u00favida enquanto aprende ingl\u00eas.","herramientas_item_1_description":"<ul>\n \t<li>O dicion\u00e1rio fornecido pelo prestigiado servi\u00e7o Macmillan ir\u00e1 ajud\u00e1-lo com o vocabul\u00e1rio.<\/li>\n \t<li>Nosso tradutor resolver\u00e1 qualquer d\u00favida.<\/li>\n<\/ul>"},"herramientas_image":235},"niveles_de_aprendizaje_section":{"niveles_de_aprendizaje_title":"N\u00edveis de Aprendizagem","niveles_de_aprendizaje_item_1":{"niveles_de_aprendizaje_item_1_title":"Nosso curso est\u00e1 organizado pedagogicamente em n\u00edveis de aprendizagem.","niveles_de_aprendizaje_item_1_description":"Temos n\u00edveis que cobrem suas necessidades de aprendizado de acordo com seu conhecimento do idioma, desde iniciantes que n\u00e3o possuem absolutamente nenhum conhecimento de ingl\u00eas, passando por n\u00edveis intermedi\u00e1rios para quem j\u00e1 possui algum grau de conhecimento em diferentes medidas, at\u00e9 avan\u00e7ados para quem deseja aperfei\u00e7oar seu conhecimento. Desta forma, ajudamos voc\u00ea a progredir n\u00e3o apenas no seu pr\u00f3prio ritmo, mas da maneira mais natural.\n\n\u00a0\n\nCada n\u00edvel tamb\u00e9m \u00e9 dividido em unidades e cada unidade em atividades tem\u00e1ticas especialmente projetadas para refor\u00e7ar seu n\u00edvel atual e aumentar seu conhecimento do idioma."},"niveles_de_aprendizaje_image":238}},"yoast_head":"<!-- This site is optimized with the Yoast SEO plugin v26.6 - https:\/\/yoast.com\/wordpress\/plugins\/seo\/ -->\r\n<title>Metodologia - Campus Live<\/title>\r\n<meta name=\"robots\" content=\"index, follow, max-snippet:-1, max-image-preview:large, max-video-preview:-1\" \/>\r\n<link rel=\"canonical\" href=\"https:\/\/www.campus.live\/pt-br\/metodologia\/\" \/>\r\n<meta property=\"og:locale\" content=\"pt_BR\" \/>\r\n<meta property=\"og:type\" content=\"article\" \/>\r\n<meta property=\"og:title\" content=\"Metodologia - Campus Live\" \/>\r\n<meta property=\"og:url\" content=\"https:\/\/www.campus.live\/pt-br\/metodologia\/\" \/>\r\n<meta property=\"og:site_name\" content=\"Campus Live\" \/>\r\n<meta name=\"twitter:card\" content=\"summary_large_image\" \/>\r\n<script type=\"application\/ld+json\" class=\"yoast-schema-graph\">{\"@context\":\"https:\/\/schema.org\",\"@graph\":[{\"@type\":\"WebPage\",\"@id\":\"https:\/\/www.campus.live\/pt-br\/metodologia\/\",\"url\":\"https:\/\/www.campus.live\/pt-br\/metodologia\/\",\"name\":\"Metodologia - Campus Live\",\"isPartOf\":{\"@id\":\"https:\/\/www.campus.live\/pt-br\/#website\"},\"datePublished\":\"2022-03-27T16:01:22+00:00\",\"breadcrumb\":{\"@id\":\"https:\/\/www.campus.live\/pt-br\/metodologia\/#breadcrumb\"},\"inLanguage\":\"pt-BR\",\"potentialAction\":[{\"@type\":\"ReadAction\",\"target\":[\"https:\/\/www.campus.live\/pt-br\/metodologia\/\"]}]},{\"@type\":\"BreadcrumbList\",\"@id\":\"https:\/\/www.campus.live\/pt-br\/metodologia\/#breadcrumb\",\"itemListElement\":[{\"@type\":\"ListItem\",\"position\":1,\"name\":\"In\u00edcio\",\"item\":\"https:\/\/www.campus.live\/pt-br\/\"},{\"@type\":\"ListItem\",\"position\":2,\"name\":\"Metodologia\"}]},{\"@type\":\"WebSite\",\"@id\":\"https:\/\/www.campus.live\/pt-br\/#website\",\"url\":\"https:\/\/www.campus.live\/pt-br\/\",\"name\":\"Campus Live\",\"description\":\"Mejora el Ingl\u00e9s de Tu Equipo\",\"potentialAction\":[{\"@type\":\"SearchAction\",\"target\":{\"@type\":\"EntryPoint\",\"urlTemplate\":\"https:\/\/www.campus.live\/pt-br\/?s={search_term_string}\"},\"query-input\":{\"@type\":\"PropertyValueSpecification\",\"valueRequired\":true,\"valueName\":\"search_term_string\"}}],\"inLanguage\":\"pt-BR\"}]}<\/script>\r\n<!-- \/ Yoast SEO plugin. -->","yoast_head_json":{"title":"Metodologia - Campus Live","robots":{"index":"index","follow":"follow","max-snippet":"max-snippet:-1","max-image-preview":"max-image-preview:large","max-video-preview":"max-video-preview:-1"},"canonical":"https:\/\/www.campus.live\/pt-br\/metodologia\/","og_locale":"pt_BR","og_type":"article","og_title":"Metodologia - Campus Live","og_url":"https:\/\/www.campus.live\/pt-br\/metodologia\/","og_site_name":"Campus Live","twitter_card":"summary_large_image","schema":{"@context":"https:\/\/schema.org","@graph":[{"@type":"WebPage","@id":"https:\/\/www.campus.live\/pt-br\/metodologia\/","url":"https:\/\/www.campus.live\/pt-br\/metodologia\/","name":"Metodologia - Campus Live","isPartOf":{"@id":"https:\/\/www.campus.live\/pt-br\/#website"},"datePublished":"2022-03-27T16:01:22+00:00","breadcrumb":{"@id":"https:\/\/www.campus.live\/pt-br\/metodologia\/#breadcrumb"},"inLanguage":"pt-BR","potentialAction":[{"@type":"ReadAction","target":["https:\/\/www.campus.live\/pt-br\/metodologia\/"]}]},{"@type":"BreadcrumbList","@id":"https:\/\/www.campus.live\/pt-br\/metodologia\/#breadcrumb","itemListElement":[{"@type":"ListItem","position":1,"name":"In\u00edcio","item":"https:\/\/www.campus.live\/pt-br\/"},{"@type":"ListItem","position":2,"name":"Metodologia"}]},{"@type":"WebSite","@id":"https:\/\/www.campus.live\/pt-br\/#website","url":"https:\/\/www.campus.live\/pt-br\/","name":"Campus Live","description":"Mejora el Ingl\u00e9s de Tu Equipo","potentialAction":[{"@type":"SearchAction","target":{"@type":"EntryPoint","urlTemplate":"https:\/\/www.campus.live\/pt-br\/?s={search_term_string}"},"query-input":{"@type":"PropertyValueSpecification","valueRequired":true,"valueName":"search_term_string"}}],"inLanguage":"pt-BR"}]}},"_links":{"self":[{"href":"https:\/\/www.campus.live\/pt-br\/wp-json\/wp\/v2\/pages\/312","targetHints":{"allow":["GET"]}}],"collection":[{"href":"https:\/\/www.campus.live\/pt-br\/wp-json\/wp\/v2\/pages"}],"about":[{"href":"https:\/\/www.campus.live\/pt-br\/wp-json\/wp\/v2\/types\/page"}],"author":[{"embeddable":true,"href":"https:\/\/www.campus.live\/pt-br\/wp-json\/wp\/v2\/users\/1"}],"replies":[{"embeddable":true,"href":"https:\/\/www.campus.live\/pt-br\/wp-json\/wp\/v2\/comments?post=312"}],"version-history":[{"count":0,"href":"https:\/\/www.campus.live\/pt-br\/wp-json\/wp\/v2\/pages\/312\/revisions"}],"wp:attachment":[{"href":"https:\/\/www.campus.live\/pt-br\/wp-json\/wp\/v2\/media?parent=312"}],"curies":[{"name":"wp","href":"https:\/\/api.w.org\/{rel}","templated":true}]}}