{"id":422,"date":"2022-03-27T16:15:16","date_gmt":"2022-03-27T16:15:16","guid":{"rendered":"https:\/\/www.campus.live\/clientes\/"},"modified":"2024-08-13T17:51:15","modified_gmt":"2024-08-13T17:51:15","slug":"clientes","status":"publish","type":"page","link":"https:\/\/www.campus.live\/pt-br\/clientes\/","title":{"rendered":"Clientes"},"content":{"rendered":"","protected":false},"excerpt":{"rendered":"","protected":false},"author":1,"featured_media":0,"parent":0,"menu_order":0,"comment_status":"closed","ping_status":"closed","template":"views\/clients.blade.php","meta":{"_acf_changed":false,"inline_featured_image":false,"footnotes":""},"class_list":["post-422","page","type-page","status-publish","hentry"],"acf":{"clientes_opening":{"main_title":"Clientes","main_subtitle":"Descubra como a Campus Live tem apoiado o crescimento pessoal e profissional de mais de 12.000 alunos de empresas da Am\u00e9rica Latina, Caribe, Europa e Am\u00e9rica do Norte."},"clientes_section":{"clientes_item_1":{"clientes_item_1_description":"<strong>Leia o que nossos clientes t\u00eam a dizer sobre sua experi\u00eancia com o Campus Live.<\/strong>\n\n\u00a0\n<ul>\n \t<li><b>Green Building Council Brasil<\/b><\/li>\n<\/ul>\n<span style=\"font-weight: 400;\">\"Os funcion\u00e1rios do Green Building Council Brasil est\u00e3o satisfeitos com o processo de aprendizado e aprimoramento da l\u00edngua inglesa. Diariamente nos deparamos com textos t\u00e9cnicos, reuni\u00f5es, viagens e compromissos em que o ingl\u00eas \u00e9 exigido. A plataforma Campus Live oferece profissionais qualificados, flexibilidade de hor\u00e1rios, intelig\u00eancia e criatividade na defini\u00e7\u00e3o do conte\u00fado, ou seja, diferenciais que aumentam a confian\u00e7a e o desenvolvimento da nossa equipe. Recomendo a Campus Live.<\/span><span style=\"font-weight: 400;\">- <\/span><i><span style=\"font-weight: 400;\">Felipe Augusto Faria, CEO<\/span><\/i>\n\n\u00a0\n<ul>\n \t<li><b>Dados de pot\u00eancia<\/b><\/li>\n<\/ul>\n<span style=\"font-weight: 400;\">\"Buscamos uma solu\u00e7\u00e3o de curso de ingl\u00eas para a equipe porque acreditamos que hoje em dia n\u00e3o \u00e9 mais um diferencial, mas uma condi\u00e7\u00e3o necess\u00e1ria para atuar no mercado de trabalho, principalmente no setor de tecnologia.<\/span>\u00a0<span style=\"font-weight: 400;\">Temos visto progresso em toda a equipe, com facilidade de monitoramento por parte de quem supervisiona o treinamento e com o benef\u00edcio da flexibilidade que permite que os cursos sejam acess\u00edveis a todos na empresa.\"<\/span><span style=\"font-weight: 400;\">- <\/span><i><span style=\"font-weight: 400;\">Ximena Ferretto, RH<\/span><\/i>"},"clientes_item_2":{"clientes_item_2_description":"A Campus Live ajuda clientes de diversos setores a melhorar a comunica\u00e7\u00e3o global, a negocia\u00e7\u00e3o, o relacionamento com o cliente e o atendimento ao cliente.  \u00a0  Voc\u00ea est\u00e1 pronto para aumentar as habilidades em ingl\u00eas e o potencial geral da sua equipe? Clique no bot\u00e3o abaixo para obter mais informa\u00e7\u00f5es."},"clients_image":624,"clientes_cta":{"title":"Contate-Nos","url":"#","target":""}},"companies_section":{"companies_logo_1":612,"companies_logo_2":196,"companies_logo_3":198,"companies_logo_4":615,"companies_logo_5":202,"companies_logo_6":204,"companies_logo_7":206,"companies_logo_8":618,"companies_title":"Algumas das empresas que confiam no Campus Live"}},"yoast_head":"<!-- This site is optimized with the Yoast SEO plugin v26.6 - https:\/\/yoast.com\/wordpress\/plugins\/seo\/ -->\r\n<title>Clientes - Campus Live<\/title>\r\n<meta name=\"robots\" content=\"index, follow, max-snippet:-1, max-image-preview:large, max-video-preview:-1\" \/>\r\n<link rel=\"canonical\" href=\"https:\/\/www.campus.live\/pt-br\/clientes\/\" \/>\r\n<meta property=\"og:locale\" content=\"pt_BR\" \/>\r\n<meta property=\"og:type\" content=\"article\" \/>\r\n<meta property=\"og:title\" content=\"Clientes - Campus Live\" \/>\r\n<meta property=\"og:url\" content=\"https:\/\/www.campus.live\/pt-br\/clientes\/\" \/>\r\n<meta property=\"og:site_name\" content=\"Campus Live\" \/>\r\n<meta property=\"article:modified_time\" content=\"2024-08-13T17:51:15+00:00\" \/>\r\n<meta name=\"twitter:card\" content=\"summary_large_image\" \/>\r\n<script type=\"application\/ld+json\" class=\"yoast-schema-graph\">{\"@context\":\"https:\/\/schema.org\",\"@graph\":[{\"@type\":\"WebPage\",\"@id\":\"https:\/\/www.campus.live\/pt-br\/clientes\/\",\"url\":\"https:\/\/www.campus.live\/pt-br\/clientes\/\",\"name\":\"Clientes - Campus Live\",\"isPartOf\":{\"@id\":\"https:\/\/www.campus.live\/pt-br\/#website\"},\"datePublished\":\"2022-03-27T16:15:16+00:00\",\"dateModified\":\"2024-08-13T17:51:15+00:00\",\"breadcrumb\":{\"@id\":\"https:\/\/www.campus.live\/pt-br\/clientes\/#breadcrumb\"},\"inLanguage\":\"pt-BR\",\"potentialAction\":[{\"@type\":\"ReadAction\",\"target\":[\"https:\/\/www.campus.live\/pt-br\/clientes\/\"]}]},{\"@type\":\"BreadcrumbList\",\"@id\":\"https:\/\/www.campus.live\/pt-br\/clientes\/#breadcrumb\",\"itemListElement\":[{\"@type\":\"ListItem\",\"position\":1,\"name\":\"In\u00edcio\",\"item\":\"https:\/\/www.campus.live\/pt-br\/\"},{\"@type\":\"ListItem\",\"position\":2,\"name\":\"Clientes\"}]},{\"@type\":\"WebSite\",\"@id\":\"https:\/\/www.campus.live\/pt-br\/#website\",\"url\":\"https:\/\/www.campus.live\/pt-br\/\",\"name\":\"Campus Live\",\"description\":\"Mejora el Ingl\u00e9s de Tu Equipo\",\"potentialAction\":[{\"@type\":\"SearchAction\",\"target\":{\"@type\":\"EntryPoint\",\"urlTemplate\":\"https:\/\/www.campus.live\/pt-br\/?s={search_term_string}\"},\"query-input\":{\"@type\":\"PropertyValueSpecification\",\"valueRequired\":true,\"valueName\":\"search_term_string\"}}],\"inLanguage\":\"pt-BR\"}]}<\/script>\r\n<!-- \/ Yoast SEO plugin. -->","yoast_head_json":{"title":"Clientes - Campus Live","robots":{"index":"index","follow":"follow","max-snippet":"max-snippet:-1","max-image-preview":"max-image-preview:large","max-video-preview":"max-video-preview:-1"},"canonical":"https:\/\/www.campus.live\/pt-br\/clientes\/","og_locale":"pt_BR","og_type":"article","og_title":"Clientes - Campus Live","og_url":"https:\/\/www.campus.live\/pt-br\/clientes\/","og_site_name":"Campus Live","article_modified_time":"2024-08-13T17:51:15+00:00","twitter_card":"summary_large_image","schema":{"@context":"https:\/\/schema.org","@graph":[{"@type":"WebPage","@id":"https:\/\/www.campus.live\/pt-br\/clientes\/","url":"https:\/\/www.campus.live\/pt-br\/clientes\/","name":"Clientes - Campus Live","isPartOf":{"@id":"https:\/\/www.campus.live\/pt-br\/#website"},"datePublished":"2022-03-27T16:15:16+00:00","dateModified":"2024-08-13T17:51:15+00:00","breadcrumb":{"@id":"https:\/\/www.campus.live\/pt-br\/clientes\/#breadcrumb"},"inLanguage":"pt-BR","potentialAction":[{"@type":"ReadAction","target":["https:\/\/www.campus.live\/pt-br\/clientes\/"]}]},{"@type":"BreadcrumbList","@id":"https:\/\/www.campus.live\/pt-br\/clientes\/#breadcrumb","itemListElement":[{"@type":"ListItem","position":1,"name":"In\u00edcio","item":"https:\/\/www.campus.live\/pt-br\/"},{"@type":"ListItem","position":2,"name":"Clientes"}]},{"@type":"WebSite","@id":"https:\/\/www.campus.live\/pt-br\/#website","url":"https:\/\/www.campus.live\/pt-br\/","name":"Campus Live","description":"Mejora el Ingl\u00e9s de Tu Equipo","potentialAction":[{"@type":"SearchAction","target":{"@type":"EntryPoint","urlTemplate":"https:\/\/www.campus.live\/pt-br\/?s={search_term_string}"},"query-input":{"@type":"PropertyValueSpecification","valueRequired":true,"valueName":"search_term_string"}}],"inLanguage":"pt-BR"}]}},"_links":{"self":[{"href":"https:\/\/www.campus.live\/pt-br\/wp-json\/wp\/v2\/pages\/422","targetHints":{"allow":["GET"]}}],"collection":[{"href":"https:\/\/www.campus.live\/pt-br\/wp-json\/wp\/v2\/pages"}],"about":[{"href":"https:\/\/www.campus.live\/pt-br\/wp-json\/wp\/v2\/types\/page"}],"author":[{"embeddable":true,"href":"https:\/\/www.campus.live\/pt-br\/wp-json\/wp\/v2\/users\/1"}],"replies":[{"embeddable":true,"href":"https:\/\/www.campus.live\/pt-br\/wp-json\/wp\/v2\/comments?post=422"}],"version-history":[{"count":1,"href":"https:\/\/www.campus.live\/pt-br\/wp-json\/wp\/v2\/pages\/422\/revisions"}],"predecessor-version":[{"id":632,"href":"https:\/\/www.campus.live\/pt-br\/wp-json\/wp\/v2\/pages\/422\/revisions\/632"}],"wp:attachment":[{"href":"https:\/\/www.campus.live\/pt-br\/wp-json\/wp\/v2\/media?parent=422"}],"curies":[{"name":"wp","href":"https:\/\/api.w.org\/{rel}","templated":true}]}}